{"id":440,"date":"2023-03-13T19:21:13","date_gmt":"2023-03-13T18:21:13","guid":{"rendered":"http:\/\/claireginestoux.fr\/?page_id=440"},"modified":"2024-02-07T09:24:48","modified_gmt":"2024-02-07T08:24:48","slug":"home-page","status":"publish","type":"page","link":"https:\/\/claireginestoux.fr\/","title":{"rendered":""},"content":{"rendered":"\n<div class=\"wp-block-columns alignwide is-layout-flex wp-container-core-columns-is-layout-28f84493 wp-block-columns-is-layout-flex\">\n<div class=\"wp-block-column is-layout-flow wp-block-column-is-layout-flow\">\n<div style=\"height:72px\" aria-hidden=\"true\" class=\"wp-block-spacer\"><\/div>\n\n\n\n<p style=\"font-size:14px\"><\/p>\n\n\n\n<figure class=\"wp-block-image size-full\"><img loading=\"lazy\" decoding=\"async\" width=\"793\" height=\"1024\" src=\"https:\/\/claireginestoux.fr\/wp-content\/uploads\/2024\/02\/87-WEB-shooting-Claire-GINESTOUX-16octobre2023-StudioQuotidien-ChloeLAPEYSSONNIE-3721-copie-1.jpg\" alt=\"\" class=\"wp-image-913\" srcset=\"https:\/\/claireginestoux.fr\/wp-content\/uploads\/2024\/02\/87-WEB-shooting-Claire-GINESTOUX-16octobre2023-StudioQuotidien-ChloeLAPEYSSONNIE-3721-copie-1.jpg 793w, https:\/\/claireginestoux.fr\/wp-content\/uploads\/2024\/02\/87-WEB-shooting-Claire-GINESTOUX-16octobre2023-StudioQuotidien-ChloeLAPEYSSONNIE-3721-copie-1-232x300.jpg 232w, https:\/\/claireginestoux.fr\/wp-content\/uploads\/2024\/02\/87-WEB-shooting-Claire-GINESTOUX-16octobre2023-StudioQuotidien-ChloeLAPEYSSONNIE-3721-copie-1-768x992.jpg 768w\" sizes=\"auto, (max-width: 793px) 100vw, 793px\" \/><\/figure>\n<\/div>\n\n\n\n<div class=\"wp-block-column is-layout-flow wp-block-column-is-layout-flow\">\n<figure class=\"wp-block-image size-full\"><img loading=\"lazy\" decoding=\"async\" width=\"793\" height=\"1024\" src=\"https:\/\/claireginestoux.fr\/wp-content\/uploads\/2024\/02\/92-WEB-shooting-Claire-GINESTOUX-16octobre2023-StudioQuotidien-ChloeLAPEYSSONNIE-3740.jpg\" alt=\"\" class=\"wp-image-908\" srcset=\"https:\/\/claireginestoux.fr\/wp-content\/uploads\/2024\/02\/92-WEB-shooting-Claire-GINESTOUX-16octobre2023-StudioQuotidien-ChloeLAPEYSSONNIE-3740.jpg 793w, https:\/\/claireginestoux.fr\/wp-content\/uploads\/2024\/02\/92-WEB-shooting-Claire-GINESTOUX-16octobre2023-StudioQuotidien-ChloeLAPEYSSONNIE-3740-232x300.jpg 232w, https:\/\/claireginestoux.fr\/wp-content\/uploads\/2024\/02\/92-WEB-shooting-Claire-GINESTOUX-16octobre2023-StudioQuotidien-ChloeLAPEYSSONNIE-3740-768x992.jpg 768w\" sizes=\"auto, (max-width: 793px) 100vw, 793px\" \/><\/figure>\n<\/div>\n<\/div>\n\n\n\n<div style=\"height:39px\" aria-hidden=\"true\" class=\"wp-block-spacer\"><\/div>\n\n\n\n<h2 class=\"wp-block-heading alignwide has-text-align-left has-secondary-color has-text-color\" style=\"font-size:clamp(23.043px, 1.44rem + ((1vw - 3.2px) * 1.7), 38px);px;line-height:1.4\"><strong>Claire imagine des fleurs en soie, agence les couleurs et les mati\u00e8res, dessine aux pastels et fleurit les d\u00e9serts.<\/strong><\/h2>\n\n\n\n<div style=\"height:39px\" aria-hidden=\"true\" class=\"wp-block-spacer\"><\/div>\n\n\n\n<div class=\"wp-block-columns alignwide is-layout-flex wp-container-core-columns-is-layout-28f84493 wp-block-columns-is-layout-flex\">\n<div class=\"wp-block-column is-layout-flow wp-block-column-is-layout-flow\">\n<figure class=\"wp-block-image size-large\"><img loading=\"lazy\" decoding=\"async\" width=\"768\" height=\"1024\" src=\"https:\/\/claireginestoux.fr\/wp-content\/uploads\/2023\/06\/Artscraft_5-768x1024.jpg\" alt=\"\" class=\"wp-image-748\" srcset=\"https:\/\/claireginestoux.fr\/wp-content\/uploads\/2023\/06\/Artscraft_5-768x1024.jpg 768w, https:\/\/claireginestoux.fr\/wp-content\/uploads\/2023\/06\/Artscraft_5-225x300.jpg 225w, https:\/\/claireginestoux.fr\/wp-content\/uploads\/2023\/06\/Artscraft_5.jpg 1107w\" sizes=\"auto, (max-width: 768px) 100vw, 768px\" \/><\/figure>\n\n\n\n<p style=\"font-size:14px\"><strong>Superbloom<\/strong><br>D\u00e9tails, pastel \u00e0 l&rsquo;huile sur papier, 2022<\/p>\n<\/div>\n\n\n\n<div class=\"wp-block-column is-layout-flow wp-block-column-is-layout-flow\">\n<div style=\"height:100px\" aria-hidden=\"true\" class=\"wp-block-spacer\"><\/div>\n\n\n\n<p style=\"font-size:14px\"><strong>Jardin<\/strong><br>Installation chez Gadoue C\u00e9ramique, 2023<\/p>\n\n\n\n<figure class=\"wp-block-image size-large\"><img loading=\"lazy\" decoding=\"async\" width=\"683\" height=\"1024\" src=\"https:\/\/claireginestoux.fr\/wp-content\/uploads\/2023\/06\/EA47C5E0-BF39-4BC5-9766-B66467E7A45E-77331-00002CAD0EF249A5-2-683x1024.jpg\" alt=\"\" class=\"wp-image-769\" srcset=\"https:\/\/claireginestoux.fr\/wp-content\/uploads\/2023\/06\/EA47C5E0-BF39-4BC5-9766-B66467E7A45E-77331-00002CAD0EF249A5-2-683x1024.jpg 683w, https:\/\/claireginestoux.fr\/wp-content\/uploads\/2023\/06\/EA47C5E0-BF39-4BC5-9766-B66467E7A45E-77331-00002CAD0EF249A5-2-200x300.jpg 200w, https:\/\/claireginestoux.fr\/wp-content\/uploads\/2023\/06\/EA47C5E0-BF39-4BC5-9766-B66467E7A45E-77331-00002CAD0EF249A5-2-768x1152.jpg 768w, https:\/\/claireginestoux.fr\/wp-content\/uploads\/2023\/06\/EA47C5E0-BF39-4BC5-9766-B66467E7A45E-77331-00002CAD0EF249A5-2-1024x1536.jpg 1024w, https:\/\/claireginestoux.fr\/wp-content\/uploads\/2023\/06\/EA47C5E0-BF39-4BC5-9766-B66467E7A45E-77331-00002CAD0EF249A5-2-1365x2048.jpg 1365w, https:\/\/claireginestoux.fr\/wp-content\/uploads\/2023\/06\/EA47C5E0-BF39-4BC5-9766-B66467E7A45E-77331-00002CAD0EF249A5-2-scaled.jpg 1707w\" sizes=\"auto, (max-width: 683px) 100vw, 683px\" \/><\/figure>\n<\/div>\n<\/div>\n\n\n\n<p class=\"has-text-align-right\" style=\"font-size:0.5rem\">Photo : Etienne Dubernet<\/p>\n","protected":false},"excerpt":{"rendered":"<p>Claire imagine des fleurs en soie, agence les couleurs et les mati\u00e8res, dessine aux pastels et fleurit les d\u00e9serts. SuperbloomD\u00e9tails, pastel \u00e0 l&rsquo;huile sur papier, 2022 JardinInstallation chez Gadoue C\u00e9ramique, 2023 Photo : Etienne Dubernet<\/p>\n","protected":false},"author":1,"featured_media":850,"parent":0,"menu_order":0,"comment_status":"closed","ping_status":"closed","template":"","meta":{"footnotes":""},"class_list":["post-440","page","type-page","status-publish","has-post-thumbnail","hentry"],"_links":{"self":[{"href":"https:\/\/claireginestoux.fr\/index.php\/wp-json\/wp\/v2\/pages\/440","targetHints":{"allow":["GET"]}}],"collection":[{"href":"https:\/\/claireginestoux.fr\/index.php\/wp-json\/wp\/v2\/pages"}],"about":[{"href":"https:\/\/claireginestoux.fr\/index.php\/wp-json\/wp\/v2\/types\/page"}],"author":[{"embeddable":true,"href":"https:\/\/claireginestoux.fr\/index.php\/wp-json\/wp\/v2\/users\/1"}],"replies":[{"embeddable":true,"href":"https:\/\/claireginestoux.fr\/index.php\/wp-json\/wp\/v2\/comments?post=440"}],"version-history":[{"count":34,"href":"https:\/\/claireginestoux.fr\/index.php\/wp-json\/wp\/v2\/pages\/440\/revisions"}],"predecessor-version":[{"id":914,"href":"https:\/\/claireginestoux.fr\/index.php\/wp-json\/wp\/v2\/pages\/440\/revisions\/914"}],"wp:featuredmedia":[{"embeddable":true,"href":"https:\/\/claireginestoux.fr\/index.php\/wp-json\/wp\/v2\/media\/850"}],"wp:attachment":[{"href":"https:\/\/claireginestoux.fr\/index.php\/wp-json\/wp\/v2\/media?parent=440"}],"curies":[{"name":"wp","href":"https:\/\/api.w.org\/{rel}","templated":true}]}}