{"id":378,"date":"2023-03-12T23:59:51","date_gmt":"2023-03-12T22:59:51","guid":{"rendered":"https:\/\/claireginestoux.wordpress.com\/?page_id=378"},"modified":"2024-02-21T10:48:05","modified_gmt":"2024-02-21T09:48:05","slug":"a-propos-2","status":"publish","type":"page","link":"https:\/\/claireginestoux.fr\/index.php\/a-propos-2\/","title":{"rendered":"A propos"},"content":{"rendered":"\n<div class=\"wp-block-group alignwide has-background-background-color has-text-color has-background has-global-padding is-layout-constrained wp-block-group-is-layout-constrained\" style=\"color:#1d1e1e;padding-top:0px;padding-bottom:69px\">\n<div class=\"wp-block-columns alignwide is-layout-flex wp-container-core-columns-is-layout-28f84493 wp-block-columns-is-layout-flex\">\n<div class=\"wp-block-column is-layout-flow wp-block-column-is-layout-flow\"><\/div>\n\n\n\n<div class=\"wp-block-column is-layout-flow wp-block-column-is-layout-flow\"><\/div>\n<\/div>\n\n\n\n<div class=\"wp-block-columns alignwide is-layout-flex wp-container-core-columns-is-layout-3e1d588b wp-block-columns-is-layout-flex\" style=\"margin-top:var(--wp--preset--spacing--70)\">\n<div class=\"wp-block-column is-layout-flow wp-block-column-is-layout-flow\" style=\"padding-right:80px;flex-basis:33.33%\">\n<p class=\"has-small-font-size\">Artiste \u00e9clectique, Claire a toujours \u00e9t\u00e9 attir\u00e9e par la nature sous toutes ses formes graphiques et color\u00e9es. Elle d\u00e9cline ses aspirations en un univers sensible et chatoyant, se plaisant \u00e0 collaborer avec d\u2019autres plasticiens et artisans d\u2019art pour la mise en place de projets artistiques et d\u00e9coratifs. Sa pratique oscille entre couleurs, mati\u00e8res et volume.<\/p>\n\n\n\n<p class=\"has-small-font-size\">Dipl\u00f4m\u00e9e de la Haute Ecole des Arts du Rhin en design textile, forte de dix ann\u00e9es dans l\u2019univers de l\u2019impression et du design de surface, Claire, d\u00e9sireuse d&rsquo;\u00e9toffer ses savoir-faire se forme \u00e0 la parure florale \u00e0 Paris.<\/p>\n<\/div>\n\n\n\n<div class=\"wp-block-column is-layout-flow wp-block-column-is-layout-flow\" style=\"padding-right:80px;flex-basis:66.66%\">\n<figure class=\"wp-block-image size-large\"><img loading=\"lazy\" decoding=\"async\" width=\"683\" height=\"1024\" src=\"https:\/\/claireginestoux.fr\/wp-content\/uploads\/2024\/02\/97-WEB-shooting-Claire-GINESTOUX-16octobre2023-StudioQuotidien-ChloeLAPEYSSONNIE-3789-2-683x1024.jpg\" alt=\"\" class=\"wp-image-958\" srcset=\"https:\/\/claireginestoux.fr\/wp-content\/uploads\/2024\/02\/97-WEB-shooting-Claire-GINESTOUX-16octobre2023-StudioQuotidien-ChloeLAPEYSSONNIE-3789-2-683x1024.jpg 683w, https:\/\/claireginestoux.fr\/wp-content\/uploads\/2024\/02\/97-WEB-shooting-Claire-GINESTOUX-16octobre2023-StudioQuotidien-ChloeLAPEYSSONNIE-3789-2-200x300.jpg 200w, https:\/\/claireginestoux.fr\/wp-content\/uploads\/2024\/02\/97-WEB-shooting-Claire-GINESTOUX-16octobre2023-StudioQuotidien-ChloeLAPEYSSONNIE-3789-2-768x1152.jpg 768w, https:\/\/claireginestoux.fr\/wp-content\/uploads\/2024\/02\/97-WEB-shooting-Claire-GINESTOUX-16octobre2023-StudioQuotidien-ChloeLAPEYSSONNIE-3789-2-1024x1536.jpg 1024w, https:\/\/claireginestoux.fr\/wp-content\/uploads\/2024\/02\/97-WEB-shooting-Claire-GINESTOUX-16octobre2023-StudioQuotidien-ChloeLAPEYSSONNIE-3789-2.jpg 1365w\" sizes=\"auto, (max-width: 683px) 100vw, 683px\" \/><\/figure>\n\n\n\n<p style=\"font-size:0.5rem\">Cr\u00e9dit photo &#8211; Chlo\u00e9 Lapeyssonnie<\/p>\n<\/div>\n<\/div>\n\n\n\n<div class=\"wp-block-columns alignwide is-layout-flex wp-container-core-columns-is-layout-3e1d588b wp-block-columns-is-layout-flex\" style=\"margin-top:var(--wp--preset--spacing--70)\">\n<div class=\"wp-block-column is-layout-flow wp-block-column-is-layout-flow\" style=\"padding-right:80px;flex-basis:66.66%\"><\/div>\n\n\n\n<div class=\"wp-block-column is-layout-flow wp-block-column-is-layout-flow\" style=\"padding-right:80px;flex-basis:33.33%\">\n<h2 class=\"wp-block-heading has-small-font-size\" style=\"text-transform:uppercase\"><strong>ExpositionS r\u00e9centes<\/strong><\/h2>\n\n\n\n<p class=\"has-small-font-size\"><span style=\"text-decoration: underline;\">Playtime &#8211; Espace Presse.<\/span><br>Parc Floral, Vincennes<br>Janvier 2024<\/p>\n\n\n\n<p class=\"has-small-font-size\"><span style=\"text-decoration: underline\">Pendant que les champs br\u00fblent<\/span>.<br>La Galerue, Lyon 4<br>Avril 2023<br><br><span style=\"text-decoration: underline\">ailleurs, maintenant.<\/span><br>Espace Beaurepaire, Paris 10<br>Octobre 2022<br><br><span style=\"text-decoration: underline\">L&rsquo;automne est le printemps de l&rsquo;hiver.<\/span><br>MOB H\u00f4tel, Lyon 2<br>Novembre 2020<\/p>\n<\/div>\n<\/div>\n\n\n\n<div class=\"wp-block-columns alignwide is-layout-flex wp-container-core-columns-is-layout-28f84493 wp-block-columns-is-layout-flex\"><\/div>\n<\/div>\n\n\n\n<h4 class=\"wp-block-heading alignwide\"><a href=\"https:\/\/www.instagram.com\/claireginestoux\/\">Suivez Claire sur Instagram<\/a><\/h4>\n\n\n\n\n\n<div style=\"height:17px\" aria-hidden=\"true\" class=\"wp-block-spacer\"><\/div>\n\n\n<div class=\"wp-block-jetpack-contact-form alignwide is-style-animated\"><a href=\"https:\/\/claireginestoux.fr\/index.php\/a-propos-2\/\" target=\"_blank\" rel=\"noopener noreferrer\">Soumettre un formulaire.<\/a><\/div>","protected":false},"excerpt":{"rendered":"<p>Artiste \u00e9clectique, Claire a toujours \u00e9t\u00e9 attir\u00e9e par la nature sous toutes ses formes graphiques et color\u00e9es. Elle d\u00e9cline ses aspirations en un univers sensible et chatoyant, se plaisant \u00e0 collaborer avec d\u2019autres plasticiens et artisans d\u2019art pour la mise en place de projets artistiques et d\u00e9coratifs. Sa pratique oscille entre couleurs, mati\u00e8res et volume. [&hellip;]<\/p>\n","protected":false},"author":1,"featured_media":0,"parent":0,"menu_order":0,"comment_status":"closed","ping_status":"closed","template":"","meta":{"footnotes":""},"class_list":["post-378","page","type-page","status-publish","hentry"],"_links":{"self":[{"href":"https:\/\/claireginestoux.fr\/index.php\/wp-json\/wp\/v2\/pages\/378","targetHints":{"allow":["GET"]}}],"collection":[{"href":"https:\/\/claireginestoux.fr\/index.php\/wp-json\/wp\/v2\/pages"}],"about":[{"href":"https:\/\/claireginestoux.fr\/index.php\/wp-json\/wp\/v2\/types\/page"}],"author":[{"embeddable":true,"href":"https:\/\/claireginestoux.fr\/index.php\/wp-json\/wp\/v2\/users\/1"}],"replies":[{"embeddable":true,"href":"https:\/\/claireginestoux.fr\/index.php\/wp-json\/wp\/v2\/comments?post=378"}],"version-history":[{"count":15,"href":"https:\/\/claireginestoux.fr\/index.php\/wp-json\/wp\/v2\/pages\/378\/revisions"}],"predecessor-version":[{"id":959,"href":"https:\/\/claireginestoux.fr\/index.php\/wp-json\/wp\/v2\/pages\/378\/revisions\/959"}],"wp:attachment":[{"href":"https:\/\/claireginestoux.fr\/index.php\/wp-json\/wp\/v2\/media?parent=378"}],"curies":[{"name":"wp","href":"https:\/\/api.w.org\/{rel}","templated":true}]}}