{"id":10,"date":"2023-01-24T19:19:17","date_gmt":"2023-01-24T18:19:17","guid":{"rendered":"https:\/\/claireginestoux.wordpress.com\/blog\/"},"modified":"2023-03-17T20:43:10","modified_gmt":"2023-03-17T19:43:10","slug":"blog","status":"publish","type":"page","link":"https:\/\/claireginestoux.fr\/index.php\/blog\/","title":{"rendered":"Actualit\u00e9s"},"content":{"rendered":"<ul class=\"wp-block-latest-posts__list is-grid columns-3 has-dates wp-block-latest-posts\"><li><div class=\"wp-block-latest-posts__featured-image aligncenter\"><img loading=\"lazy\" decoding=\"async\" width=\"768\" height=\"1024\" src=\"https:\/\/claireginestoux.fr\/wp-content\/uploads\/2024\/04\/IMG_20231119_192452-2-768x1024.jpg\" class=\"attachment-large size-large wp-post-image\" alt=\"\" style=\"\" srcset=\"https:\/\/claireginestoux.fr\/wp-content\/uploads\/2024\/04\/IMG_20231119_192452-2-768x1024.jpg 768w, https:\/\/claireginestoux.fr\/wp-content\/uploads\/2024\/04\/IMG_20231119_192452-2-225x300.jpg 225w, https:\/\/claireginestoux.fr\/wp-content\/uploads\/2024\/04\/IMG_20231119_192452-2-1152x1536.jpg 1152w, https:\/\/claireginestoux.fr\/wp-content\/uploads\/2024\/04\/IMG_20231119_192452-2.jpg 1417w\" sizes=\"auto, (max-width: 768px) 100vw, 768px\" \/><\/div><a class=\"wp-block-latest-posts__post-title\" href=\"https:\/\/claireginestoux.fr\/index.php\/2024\/04\/10\/silk-in-lyon\/\">SILK IN LYON<\/a><time datetime=\"2024-04-10T12:59:04+02:00\" class=\"wp-block-latest-posts__post-date\">10 avril 2024<\/time><div class=\"wp-block-latest-posts__post-excerpt\">D\u00e9coration d&rsquo;un espace du rendez-vous annuel de la soie \u00e0 Lyon au Palais de la Bourse. Fleurs en soie sur socle et n\u00e9on.<\/div><\/li>\n<li><div class=\"wp-block-latest-posts__featured-image aligncenter\"><img loading=\"lazy\" decoding=\"async\" width=\"1024\" height=\"768\" src=\"https:\/\/claireginestoux.fr\/wp-content\/uploads\/2024\/04\/1000023827-01-1-1024x768.jpeg\" class=\"attachment-large size-large wp-post-image\" alt=\"\" style=\"\" srcset=\"https:\/\/claireginestoux.fr\/wp-content\/uploads\/2024\/04\/1000023827-01-1-1024x768.jpeg 1024w, https:\/\/claireginestoux.fr\/wp-content\/uploads\/2024\/04\/1000023827-01-1-300x225.jpeg 300w, https:\/\/claireginestoux.fr\/wp-content\/uploads\/2024\/04\/1000023827-01-1-768x576.jpeg 768w, https:\/\/claireginestoux.fr\/wp-content\/uploads\/2024\/04\/1000023827-01-1-1536x1152.jpeg 1536w, https:\/\/claireginestoux.fr\/wp-content\/uploads\/2024\/04\/1000023827-01-1-2048x1536.jpeg 2048w\" sizes=\"auto, (max-width: 1024px) 100vw, 1024px\" \/><\/div><a class=\"wp-block-latest-posts__post-title\" href=\"https:\/\/claireginestoux.fr\/index.php\/2024\/04\/10\/playtime\/\">PLAYTIME<\/a><time datetime=\"2024-04-10T12:51:42+02:00\" class=\"wp-block-latest-posts__post-date\">10 avril 2024<\/time><div class=\"wp-block-latest-posts__post-excerpt\">D\u00e9coration de l&rsquo;espace Press et VIP pour le salon de mode enfant Playtime Paris qui a eu lieu au Parc floral de Vincennes en Janvier 2024 R\u00e9alisation de bouquet en\u2026 <a class=\"wp-block-latest-posts__read-more\" href=\"https:\/\/claireginestoux.fr\/index.php\/2024\/04\/10\/playtime\/\" rel=\"noopener noreferrer\">Lire la suite<span class=\"screen-reader-text\">\u00a0: PLAYTIME<\/span><\/a><\/div><\/li>\n<li><div class=\"wp-block-latest-posts__featured-image aligncenter\"><img loading=\"lazy\" decoding=\"async\" width=\"567\" height=\"709\" src=\"https:\/\/claireginestoux.fr\/wp-content\/uploads\/2023\/05\/Articlepaysagesdomestiquesexpo-1.jpg\" class=\"attachment-large size-large wp-post-image\" alt=\"\" style=\"\" srcset=\"https:\/\/claireginestoux.fr\/wp-content\/uploads\/2023\/05\/Articlepaysagesdomestiquesexpo-1.jpg 567w, https:\/\/claireginestoux.fr\/wp-content\/uploads\/2023\/05\/Articlepaysagesdomestiquesexpo-1-240x300.jpg 240w\" sizes=\"auto, (max-width: 567px) 100vw, 567px\" \/><\/div><a class=\"wp-block-latest-posts__post-title\" href=\"https:\/\/claireginestoux.fr\/index.php\/2023\/05\/27\/paysages-domestiques-2\/\">Paysages Domestiques<\/a><time datetime=\"2023-05-27T12:12:50+02:00\" class=\"wp-block-latest-posts__post-date\">27 mai 2023<\/time><div class=\"wp-block-latest-posts__post-excerpt\">Retour en images sur l&rsquo;exposition Paysages Domestiques qui \u00e0 eu lieu dans l&rsquo;atelier Gadoue C\u00e9ramique \u00e0 Lyon 3 du 11 au 14 mai 2023. Une exposition collective de onze artistes&nbsp;qui\u2026 <a class=\"wp-block-latest-posts__read-more\" href=\"https:\/\/claireginestoux.fr\/index.php\/2023\/05\/27\/paysages-domestiques-2\/\" rel=\"noopener noreferrer\">Lire la suite<span class=\"screen-reader-text\">\u00a0: Paysages Domestiques<\/span><\/a><\/div><\/li>\n<li><div class=\"wp-block-latest-posts__featured-image aligncenter\"><img loading=\"lazy\" decoding=\"async\" width=\"819\" height=\"1024\" src=\"https:\/\/claireginestoux.fr\/wp-content\/uploads\/2023\/03\/NewAtelier_ClaireGinestoux-819x1024.png\" class=\"attachment-large size-large wp-post-image\" alt=\"\" style=\"\" srcset=\"https:\/\/claireginestoux.fr\/wp-content\/uploads\/2023\/03\/NewAtelier_ClaireGinestoux-819x1024.png 819w, https:\/\/claireginestoux.fr\/wp-content\/uploads\/2023\/03\/NewAtelier_ClaireGinestoux-240x300.png 240w, https:\/\/claireginestoux.fr\/wp-content\/uploads\/2023\/03\/NewAtelier_ClaireGinestoux-768x960.png 768w, https:\/\/claireginestoux.fr\/wp-content\/uploads\/2023\/03\/NewAtelier_ClaireGinestoux-1229x1536.png 1229w, https:\/\/claireginestoux.fr\/wp-content\/uploads\/2023\/03\/NewAtelier_ClaireGinestoux-1638x2048.png 1638w\" sizes=\"auto, (max-width: 819px) 100vw, 819px\" \/><\/div><a class=\"wp-block-latest-posts__post-title\" href=\"https:\/\/claireginestoux.fr\/index.php\/2023\/03\/17\/inauguration-nouvel-atelier\/\">Inauguration Nouvel Atelier<\/a><time datetime=\"2023-03-17T20:36:35+01:00\" class=\"wp-block-latest-posts__post-date\">17 mars 2023<\/time><div class=\"wp-block-latest-posts__post-excerpt\">Depuis Novembre, je suis install\u00e9e dans un nouvel atelier nomm\u00e9 Pastel situ\u00e9 au 5 rue Bon Pasteur \u00e0 Lyon 1. Nous sommes trois artistes et cr\u00e9atrices \u00e0 partager cet espace\u2026 <a class=\"wp-block-latest-posts__read-more\" href=\"https:\/\/claireginestoux.fr\/index.php\/2023\/03\/17\/inauguration-nouvel-atelier\/\" rel=\"noopener noreferrer\">Lire la suite<span class=\"screen-reader-text\">\u00a0: Inauguration Nouvel Atelier<\/span><\/a><\/div><\/li>\n<li><div class=\"wp-block-latest-posts__featured-image aligncenter\"><img loading=\"lazy\" decoding=\"async\" width=\"819\" height=\"1024\" src=\"https:\/\/claireginestoux.fr\/wp-content\/uploads\/2023\/03\/ExpoGALERUE_PostInsta-819x1024.png\" class=\"attachment-large size-large wp-post-image\" alt=\"\" style=\"\" srcset=\"https:\/\/claireginestoux.fr\/wp-content\/uploads\/2023\/03\/ExpoGALERUE_PostInsta-819x1024.png 819w, https:\/\/claireginestoux.fr\/wp-content\/uploads\/2023\/03\/ExpoGALERUE_PostInsta-240x300.png 240w, https:\/\/claireginestoux.fr\/wp-content\/uploads\/2023\/03\/ExpoGALERUE_PostInsta-768x960.png 768w, https:\/\/claireginestoux.fr\/wp-content\/uploads\/2023\/03\/ExpoGALERUE_PostInsta-1229x1536.png 1229w, https:\/\/claireginestoux.fr\/wp-content\/uploads\/2023\/03\/ExpoGALERUE_PostInsta-1638x2048.png 1638w\" sizes=\"auto, (max-width: 819px) 100vw, 819px\" \/><\/div><a class=\"wp-block-latest-posts__post-title\" href=\"https:\/\/claireginestoux.fr\/index.php\/2023\/03\/11\/bonjour-tout-le-monde\/\">Exposition &#8211; Pendant que les champs br\u00fblent<\/a><time datetime=\"2023-03-11T20:02:39+01:00\" class=\"wp-block-latest-posts__post-date\">11 mars 2023<\/time><div class=\"wp-block-latest-posts__post-excerpt\">Je suis heureuse de vous annoncer une nouvelle exposition \u00e0 Lyon. Pendant que les champs br\u00fblent est une ode \u00e0 la nature qui \u00e9clot, se transforme et trop souvent dispara\u00eet.\u2026 <a class=\"wp-block-latest-posts__read-more\" href=\"https:\/\/claireginestoux.fr\/index.php\/2023\/03\/11\/bonjour-tout-le-monde\/\" rel=\"noopener noreferrer\">Lire la suite<span class=\"screen-reader-text\">\u00a0: Exposition &#8211; Pendant que les champs br\u00fblent<\/span><\/a><\/div><\/li>\n<\/ul>","protected":false},"excerpt":{"rendered":"","protected":false},"author":1,"featured_media":0,"parent":0,"menu_order":0,"comment_status":"closed","ping_status":"closed","template":"","meta":{"footnotes":""},"class_list":["post-10","page","type-page","status-publish","hentry"],"_links":{"self":[{"href":"https:\/\/claireginestoux.fr\/index.php\/wp-json\/wp\/v2\/pages\/10","targetHints":{"allow":["GET"]}}],"collection":[{"href":"https:\/\/claireginestoux.fr\/index.php\/wp-json\/wp\/v2\/pages"}],"about":[{"href":"https:\/\/claireginestoux.fr\/index.php\/wp-json\/wp\/v2\/types\/page"}],"author":[{"embeddable":true,"href":"https:\/\/claireginestoux.fr\/index.php\/wp-json\/wp\/v2\/users\/1"}],"replies":[{"embeddable":true,"href":"https:\/\/claireginestoux.fr\/index.php\/wp-json\/wp\/v2\/comments?post=10"}],"version-history":[{"count":4,"href":"https:\/\/claireginestoux.fr\/index.php\/wp-json\/wp\/v2\/pages\/10\/revisions"}],"predecessor-version":[{"id":568,"href":"https:\/\/claireginestoux.fr\/index.php\/wp-json\/wp\/v2\/pages\/10\/revisions\/568"}],"wp:attachment":[{"href":"https:\/\/claireginestoux.fr\/index.php\/wp-json\/wp\/v2\/media?parent=10"}],"curies":[{"name":"wp","href":"https:\/\/api.w.org\/{rel}","templated":true}]}}